{"id":1807,"date":"2024-06-10T10:23:13","date_gmt":"2024-06-10T10:23:13","guid":{"rendered":"https:\/\/b-group.cloud\/strategies"},"modified":"2024-06-13T12:03:24","modified_gmt":"2024-06-13T12:03:24","slug":"strategies","status":"publish","type":"page","link":"https:\/\/b-group.cloud\/fr\/strategies","title":{"rendered":"Strat\u00e9gies"},"content":{"rendered":"\t\t<div data-elementor-type=\"wp-page\" data-elementor-id=\"1807\" class=\"elementor elementor-1807\" data-elementor-post-type=\"page\">\n\t\t\t\t\t\t<div class=\"elementor-section elementor-top-section elementor-element elementor-element-66eef981 elementor-section-full_width elementor-section-height-default elementor-section-height-default\" data-id=\"66eef981\" data-element_type=\"section\" data-settings=\"{&quot;background_background&quot;:&quot;classic&quot;}\">\n\t\t\t\t\t\t<div class=\"elementor-container elementor-column-gap-no\">\n\t\t\t\t\t<div class=\"elementor-column elementor-col-100 elementor-top-column elementor-element elementor-element-4fafd82a\" data-id=\"4fafd82a\" data-element_type=\"column\">\n\t\t\t<div class=\"elementor-widget-wrap elementor-element-populated\">\n\t\t\t\t\t\t<div class=\"elementor-section elementor-inner-section elementor-element elementor-element-52edffe2 elementor-section-boxed elementor-section-height-default elementor-section-height-default\" data-id=\"52edffe2\" data-element_type=\"section\">\n\t\t\t\t\t\t<div class=\"elementor-container elementor-column-gap-default\">\n\t\t\t\t\t<div class=\"elementor-column elementor-col-100 elementor-inner-column elementor-element elementor-element-2f6bbe2d\" data-id=\"2f6bbe2d\" data-element_type=\"column\">\n\t\t\t<div class=\"elementor-widget-wrap elementor-element-populated\">\n\t\t\t\t\t\t<div class=\"elementor-element elementor-element-4ee969c4 elementor-widget__width-initial elementor-widget elementor-widget-heading\" data-id=\"4ee969c4\" data-element_type=\"widget\" data-widget_type=\"heading.default\">\n\t\t\t\t<div class=\"elementor-widget-container\">\n\t\t\t<style>\/*! elementor - v3.23.0 - 05-08-2024 *\/\n.elementor-heading-title{padding:0;margin:0;line-height:1}.elementor-widget-heading .elementor-heading-title[class*=elementor-size-]>a{color:inherit;font-size:inherit;line-height:inherit}.elementor-widget-heading .elementor-heading-title.elementor-size-small{font-size:15px}.elementor-widget-heading .elementor-heading-title.elementor-size-medium{font-size:19px}.elementor-widget-heading .elementor-heading-title.elementor-size-large{font-size:29px}.elementor-widget-heading .elementor-heading-title.elementor-size-xl{font-size:39px}.elementor-widget-heading .elementor-heading-title.elementor-size-xxl{font-size:59px}<\/style><h1 class=\"elementor-heading-title elementor-size-default\">Am\u00e9liorez vos investissements<\/h1>\t\t<\/div>\n\t\t\t\t<\/div>\n\t\t\t\t<div class=\"elementor-element elementor-element-22a1c573 elementor-widget__width-initial elementor-widget-tablet__width-initial elementor-widget-mobile__width-inherit elementor-invisible elementor-widget elementor-widget-text-editor\" data-id=\"22a1c573\" data-element_type=\"widget\" data-settings=\"{&quot;_animation&quot;:&quot;fadeInUp&quot;,&quot;_animation_delay&quot;:&quot;200&quot;}\" data-widget_type=\"text-editor.default\">\n\t\t\t\t<div class=\"elementor-widget-container\">\n\t\t\t<style>\/*! elementor - v3.23.0 - 05-08-2024 *\/\n.elementor-widget-text-editor.elementor-drop-cap-view-stacked .elementor-drop-cap{background-color:#69727d;color:#fff}.elementor-widget-text-editor.elementor-drop-cap-view-framed .elementor-drop-cap{color:#69727d;border:3px solid;background-color:transparent}.elementor-widget-text-editor:not(.elementor-drop-cap-view-default) .elementor-drop-cap{margin-top:8px}.elementor-widget-text-editor:not(.elementor-drop-cap-view-default) .elementor-drop-cap-letter{width:1em;height:1em}.elementor-widget-text-editor .elementor-drop-cap{float:left;text-align:center;line-height:1;font-size:50px}.elementor-widget-text-editor .elementor-drop-cap-letter{display:inline-block}<\/style>\t\t\t\t<p>En plongeant dans le monde des march\u00e9s financiers, la compr\u00e9hension des diff\u00e9rentes strat\u00e9gies devient essentielle pour obtenir des r\u00e9sultats positifs. B Group vous pr\u00e9sentera diff\u00e9rentes techniques de trading qui vous permettront d&rsquo;adapter votre trading aux diff\u00e9rentes conditions de march\u00e9 et \u00e0 votre style d&rsquo;investissement. De l&rsquo;analyse fondamentale aux indicateurs techniques, nous avons tout ce dont vous avez besoin pour d\u00e9velopper vos comp\u00e9tences. Apprenez-en plus sur chaque strat\u00e9gie, mettez-les en pratique et fa\u00e7onnez votre propre chemin vers l&rsquo;ind\u00e9pendance financi\u00e8re.<\/p>\t\t\t\t\t\t<\/div>\n\t\t\t\t<\/div>\n\t\t\t\t\t<\/div>\n\t\t<\/div>\n\t\t\t\t\t<\/div>\n\t\t<\/div>\n\t\t\t\t<div class=\"elementor-section elementor-inner-section elementor-element elementor-element-47e01ac2 elementor-section-boxed elementor-section-height-default elementor-section-height-default elementor-invisible\" data-id=\"47e01ac2\" data-element_type=\"section\" data-settings=\"{&quot;background_background&quot;:&quot;classic&quot;,&quot;animation&quot;:&quot;fadeInUp&quot;,&quot;animation_delay&quot;:&quot;600&quot;}\">\n\t\t\t\t\t\t\t<div class=\"elementor-background-overlay\"><\/div>\n\t\t\t\t\t\t\t<div class=\"elementor-container elementor-column-gap-no\">\n\t\t\t\t\t<div class=\"elementor-column elementor-col-100 elementor-inner-column elementor-element elementor-element-5ed76a57\" data-id=\"5ed76a57\" data-element_type=\"column\">\n\t\t\t<div class=\"elementor-widget-wrap elementor-element-populated\">\n\t\t\t\t\t\t<div class=\"elementor-element elementor-element-65edc372 elementor-widget__width-initial elementor-invisible elementor-widget elementor-widget-image\" data-id=\"65edc372\" data-element_type=\"widget\" data-settings=\"{&quot;_animation&quot;:&quot;fadeInUp&quot;,&quot;_animation_delay&quot;:&quot;680&quot;}\" data-widget_type=\"image.default\">\n\t\t\t\t<div class=\"elementor-widget-container\">\n\t\t\t<style>\/*! elementor - v3.23.0 - 05-08-2024 *\/\n.elementor-widget-image{text-align:center}.elementor-widget-image a{display:inline-block}.elementor-widget-image a img[src$=\".svg\"]{width:48px}.elementor-widget-image img{vertical-align:middle;display:inline-block}<\/style>\t\t\t\t\t\t\t\t\t\t<img fetchpriority=\"high\" decoding=\"async\" width=\"1799\" height=\"483\" src=\"https:\/\/b-group.cloud\/wp-content\/uploads\/strategy1.png\" class=\"attachment-full size-full wp-image-1298\" alt=\"\" srcset=\"https:\/\/b-group.cloud\/wp-content\/uploads\/strategy1.png 1799w, https:\/\/b-group.cloud\/wp-content\/uploads\/strategy1-300x81.png 300w, https:\/\/b-group.cloud\/wp-content\/uploads\/strategy1-1024x275.png 1024w, https:\/\/b-group.cloud\/wp-content\/uploads\/strategy1-150x40.png 150w, https:\/\/b-group.cloud\/wp-content\/uploads\/strategy1-768x206.png 768w, https:\/\/b-group.cloud\/wp-content\/uploads\/strategy1-1536x412.png 1536w, https:\/\/b-group.cloud\/wp-content\/uploads\/strategy1-650x175.png 650w\" sizes=\"(max-width: 1799px) 100vw, 1799px\" \/>\t\t\t\t\t\t\t\t\t\t\t\t\t<\/div>\n\t\t\t\t<\/div>\n\t\t\t\t\t<\/div>\n\t\t<\/div>\n\t\t\t\t\t<\/div>\n\t\t<\/div>\n\t\t\t\t\t<\/div>\n\t\t<\/div>\n\t\t\t\t\t<\/div>\n\t\t<\/div>\n\t\t\t\t<div class=\"elementor-section elementor-top-section elementor-element elementor-element-6a0383ba elementor-section-boxed elementor-section-height-default elementor-section-height-default\" data-id=\"6a0383ba\" data-element_type=\"section\" data-settings=\"{&quot;background_background&quot;:&quot;classic&quot;}\">\n\t\t\t\t\t\t<div class=\"elementor-container elementor-column-gap-default\">\n\t\t\t\t\t<div class=\"elementor-column elementor-col-50 elementor-top-column elementor-element elementor-element-5b7d3490\" data-id=\"5b7d3490\" data-element_type=\"column\">\n\t\t\t<div class=\"elementor-widget-wrap elementor-element-populated\">\n\t\t\t\t\t\t<div class=\"elementor-element elementor-element-66a653da elementor-widget elementor-widget-heading\" data-id=\"66a653da\" data-element_type=\"widget\" data-widget_type=\"heading.default\">\n\t\t\t\t<div class=\"elementor-widget-container\">\n\t\t\t<h2 class=\"elementor-heading-title elementor-size-default\">Apprenez avec B Group<\/h2>\t\t<\/div>\n\t\t\t\t<\/div>\n\t\t\t\t<div class=\"elementor-element elementor-element-267504f0 elementor-widget__width-initial elementor-widget-mobile__width-inherit elementor-widget-tablet__width-initial elementor-invisible elementor-widget elementor-widget-text-editor\" data-id=\"267504f0\" data-element_type=\"widget\" data-settings=\"{&quot;_animation&quot;:&quot;fadeInUp&quot;,&quot;_animation_delay&quot;:&quot;200&quot;}\" data-widget_type=\"text-editor.default\">\n\t\t\t\t<div class=\"elementor-widget-container\">\n\t\t\t\t\t\t\t<p>Notre objectif est de fournir des ressources et des informations utiles pour aider nos n\u00e9gociants \u00e0 se d\u00e9velopper et \u00e0 prendre des d\u00e9cisions \u00e9clair\u00e9es. En plus des strat\u00e9gies propos\u00e9es, vous pouvez trouver des outils encore plus utiles sur cette page.\n<\/p>\t\t\t\t\t\t<\/div>\n\t\t\t\t<\/div>\n\t\t\t\t<div class=\"elementor-element elementor-element-403c388 elementor-widget__width-auto animated-fast e-transform elementor-mobile-align-center elementor-widget-mobile__width-inherit elementor-invisible elementor-widget elementor-widget-button\" data-id=\"403c388\" data-element_type=\"widget\" data-settings=\"{&quot;_animation&quot;:&quot;fadeInUp&quot;,&quot;_animation_delay&quot;:300,&quot;_transform_translateY_effect_hover&quot;:{&quot;unit&quot;:&quot;px&quot;,&quot;size&quot;:-5,&quot;sizes&quot;:[]},&quot;_transform_translateX_effect_hover&quot;:{&quot;unit&quot;:&quot;px&quot;,&quot;size&quot;:&quot;&quot;,&quot;sizes&quot;:[]},&quot;_transform_translateX_effect_hover_tablet&quot;:{&quot;unit&quot;:&quot;px&quot;,&quot;size&quot;:&quot;&quot;,&quot;sizes&quot;:[]},&quot;_transform_translateX_effect_hover_mobile&quot;:{&quot;unit&quot;:&quot;px&quot;,&quot;size&quot;:&quot;&quot;,&quot;sizes&quot;:[]},&quot;_transform_translateY_effect_hover_tablet&quot;:{&quot;unit&quot;:&quot;px&quot;,&quot;size&quot;:&quot;&quot;,&quot;sizes&quot;:[]},&quot;_transform_translateY_effect_hover_mobile&quot;:{&quot;unit&quot;:&quot;px&quot;,&quot;size&quot;:&quot;&quot;,&quot;sizes&quot;:[]}}\" data-widget_type=\"button.default\">\n\t\t\t\t<div class=\"elementor-widget-container\">\n\t\t\t\t\t<div class=\"elementor-button-wrapper\">\n\t\t\t<a class=\"elementor-button elementor-button-link elementor-size-sm\" href=\"\/fr\/trading\">\n\t\t\t\t\t\t<span class=\"elementor-button-content-wrapper\">\n\t\t\t\t\t\t\t\t\t<span class=\"elementor-button-text\">Inscription<\/span>\n\t\t\t\t\t<\/span>\n\t\t\t\t\t<\/a>\n\t\t<\/div>\n\t\t\t\t<\/div>\n\t\t\t\t<\/div>\n\t\t\t\t\t<\/div>\n\t\t<\/div>\n\t\t\t\t<div class=\"elementor-column elementor-col-50 elementor-top-column elementor-element elementor-element-1c542ead\" data-id=\"1c542ead\" data-element_type=\"column\">\n\t\t\t<div class=\"elementor-widget-wrap elementor-element-populated\">\n\t\t\t\t\t\t<div class=\"elementor-element elementor-element-1f11fb91 ui-e-connector-line-yes ui-e-icon-left ui-e-left elementor-align-left elementor-invisible elementor-widget elementor-widget-uicore-icon-list\" data-id=\"1f11fb91\" data-element_type=\"widget\" data-settings=\"{&quot;_animation&quot;:&quot;fadeInUp&quot;,&quot;_animation_delay&quot;:&quot;400&quot;}\" data-widget_type=\"uicore-icon-list.default\">\n\t\t\t\t<div class=\"elementor-widget-container\">\n\t\t\t            <ul>\n\n                                    <li >\n\n                        <div class=\"ui-e-wrap\">\n                            \n                            \n                            <div class=\"ui-e-content\">\n                                <h3 class=\"ui-e-title\">\n                                    Examens des strat\u00e9gies                                <\/h3>\n                                <p class=\"ui-e-text\"> Examens d\u00e9taill\u00e9s des diff\u00e9rentes strat\u00e9gies de trading, de leurs avantages et de leurs inconv\u00e9nients, ainsi que des recommandations pour leur application dans diff\u00e9rentes conditions de march\u00e9. <\/p>\n                            <\/div>\n\n                                                            <div class=\"ui-e-icon\">\n                                    <svg aria-hidden=\"true\" class=\"e-font-icon-svg e-fas-circle\" viewBox=\"0 0 512 512\" xmlns=\"http:\/\/www.w3.org\/2000\/svg\"><path d=\"M256 8C119 8 8 119 8 256s111 248 248 248 248-111 248-248S393 8 256 8z\"><\/path><\/svg>                                <\/div>\n                            \n                        <\/div>\n                    <\/li>\n                                    <li class=\"ui-e-spacing\">\n\n                        <div class=\"ui-e-wrap\">\n                            \n                            \n                            <div class=\"ui-e-content\">\n                                <h3 class=\"ui-e-title\">\n                                    Mat\u00e9riel \u00e9ducatif                                <\/h3>\n                                <p class=\"ui-e-text\"> Mat\u00e9riel sur les diff\u00e9rents aspects de la n\u00e9gociation et de la mise en pratique des strat\u00e9gies. Cela aidera nos traders \u00e0 \u00e9largir leurs connaissances et leurs comp\u00e9tences. <\/p>\n                            <\/div>\n\n                                                            <div class=\"ui-e-icon\">\n                                    <svg aria-hidden=\"true\" class=\"e-font-icon-svg e-fas-circle\" viewBox=\"0 0 512 512\" xmlns=\"http:\/\/www.w3.org\/2000\/svg\"><path d=\"M256 8C119 8 8 119 8 256s111 248 248 248 248-111 248-248S393 8 256 8z\"><\/path><\/svg>                                <\/div>\n                            \n                        <\/div>\n                    <\/li>\n                                    <li class=\"ui-e-spacing\">\n\n                        <div class=\"ui-e-wrap\">\n                            \n                            \n                            <div class=\"ui-e-content\">\n                                <h3 class=\"ui-e-title\">\n                                    Recommandations pratiques                                <\/h3>\n                                <p class=\"ui-e-text\"> Conseils pour optimiser les strat\u00e9gies, am\u00e9liorer les r\u00e9sultats de trading et cr\u00e9er votre propre plan de trading. <\/p>\n                            <\/div>\n\n                                                            <div class=\"ui-e-icon\">\n                                    <svg aria-hidden=\"true\" class=\"e-font-icon-svg e-fas-circle\" viewBox=\"0 0 512 512\" xmlns=\"http:\/\/www.w3.org\/2000\/svg\"><path d=\"M256 8C119 8 8 119 8 256s111 248 248 248 248-111 248-248S393 8 256 8z\"><\/path><\/svg>                                <\/div>\n                            \n                        <\/div>\n                    <\/li>\n                            <\/ul>\n        \t\t<\/div>\n\t\t\t\t<\/div>\n\t\t\t\t\t<\/div>\n\t\t<\/div>\n\t\t\t\t\t<\/div>\n\t\t<\/div>\n\t\t\t\t<section class=\"elementor-section elementor-top-section elementor-element elementor-element-3038255 elementor-section-boxed elementor-section-height-default elementor-section-height-default\" data-id=\"3038255\" data-element_type=\"section\" data-settings=\"{&quot;background_background&quot;:&quot;classic&quot;}\">\n\t\t\t\t\t\t<div class=\"elementor-container elementor-column-gap-default\">\n\t\t\t\t\t<div class=\"elementor-column elementor-col-50 elementor-top-column elementor-element elementor-element-77c9fa8\" data-id=\"77c9fa8\" data-element_type=\"column\">\n\t\t\t<div class=\"elementor-widget-wrap elementor-element-populated\">\n\t\t\t\t\t\t<div class=\"elementor-element elementor-element-0b87649 elementor-widget elementor-widget-image\" data-id=\"0b87649\" data-element_type=\"widget\" data-widget_type=\"image.default\">\n\t\t\t\t<div class=\"elementor-widget-container\">\n\t\t\t\t\t\t\t\t\t\t\t\t\t<img decoding=\"async\" src=\"https:\/\/b-group.cloud\/wp-content\/uploads\/elementor\/thumbs\/strategy2-rl8ixctvk8gat0nqfo8io9fla9jhtwgok7eg4nb400.png\" title=\"\" alt=\"\" loading=\"lazy\" \/>\t\t\t\t\t\t\t\t\t\t\t\t\t<\/div>\n\t\t\t\t<\/div>\n\t\t\t\t\t<\/div>\n\t\t<\/div>\n\t\t\t\t<div class=\"elementor-column elementor-col-50 elementor-top-column elementor-element elementor-element-807f69f\" data-id=\"807f69f\" data-element_type=\"column\">\n\t\t\t<div class=\"elementor-widget-wrap elementor-element-populated\">\n\t\t\t\t\t\t<div class=\"elementor-element elementor-element-471c775 elementor-widget elementor-widget-heading\" data-id=\"471c775\" data-element_type=\"widget\" data-widget_type=\"heading.default\">\n\t\t\t\t<div class=\"elementor-widget-container\">\n\t\t\t<h2 class=\"elementor-heading-title elementor-size-default\">Consultez des experts<\/h2>\t\t<\/div>\n\t\t\t\t<\/div>\n\t\t\t\t<div class=\"elementor-element elementor-element-13c9207 elementor-widget elementor-widget-text-editor\" data-id=\"13c9207\" data-element_type=\"widget\" data-widget_type=\"text-editor.default\">\n\t\t\t\t<div class=\"elementor-widget-container\">\n\t\t\t\t\t\t\t<p>Quel que soit votre niveau d&rsquo;exp\u00e9rience, nous offrons une vari\u00e9t\u00e9 de strat\u00e9gies qui r\u00e9pondront \u00e0 vos besoins. Notre s\u00e9lection comprend \u00e0 la fois des strat\u00e9gies de base pour les d\u00e9butants et des m\u00e9thodes plus complexes pour les traders exp\u00e9riment\u00e9s. Notre objectif est de vous fournir des informations uniques, des analyses et des conseils pr\u00e9cieux de la part de nos experts afin que vous puissiez prendre des d\u00e9cisions \u00e9clair\u00e9es et obtenir les r\u00e9sultats que vous souhaitez sur les march\u00e9s mondiaux.<\/p>\t\t\t\t\t\t<\/div>\n\t\t\t\t<\/div>\n\t\t\t\t\t<\/div>\n\t\t<\/div>\n\t\t\t\t\t<\/div>\n\t\t<\/section>\n\t\t\t\t<section class=\"elementor-section elementor-top-section elementor-element elementor-element-3b7ac5d9 elementor-section-boxed elementor-section-height-default elementor-section-height-default\" data-id=\"3b7ac5d9\" data-element_type=\"section\">\n\t\t\t\t\t\t<div class=\"elementor-container elementor-column-gap-default\">\n\t\t\t\t\t<div class=\"elementor-column elementor-col-100 elementor-top-column elementor-element elementor-element-a71e7d7\" data-id=\"a71e7d7\" data-element_type=\"column\">\n\t\t\t<div class=\"elementor-widget-wrap elementor-element-populated\">\n\t\t\t\t\t\t<section class=\"elementor-section elementor-inner-section elementor-element elementor-element-5be24358 animated-fast elementor-section-boxed elementor-section-height-default elementor-section-height-default elementor-invisible\" data-id=\"5be24358\" data-element_type=\"section\" data-settings=\"{&quot;background_background&quot;:&quot;classic&quot;,&quot;animation&quot;:&quot;fadeInUp&quot;}\">\n\t\t\t\t\t\t<div class=\"elementor-container elementor-column-gap-default\">\n\t\t\t\t\t<div class=\"elementor-column elementor-col-50 elementor-inner-column elementor-element elementor-element-28ab6e3c\" data-id=\"28ab6e3c\" data-element_type=\"column\">\n\t\t\t<div class=\"elementor-widget-wrap elementor-element-populated\">\n\t\t\t\t\t\t<div class=\"elementor-element elementor-element-53a79c06 elementor-widget elementor-widget-heading\" data-id=\"53a79c06\" data-element_type=\"widget\" data-widget_type=\"heading.default\">\n\t\t\t\t<div class=\"elementor-widget-container\">\n\t\t\t<h2 class=\"elementor-heading-title elementor-size-default\">Quel que soit votre niveau d'exp\u00e9rience, notre entreprise vous aidera \u00e0 approfondir vos connaissances et \u00e0 rester toujours au courant des tendances actuelles.<\/h2>\t\t<\/div>\n\t\t\t\t<\/div>\n\t\t\t\t\t<\/div>\n\t\t<\/div>\n\t\t\t\t<div class=\"elementor-column elementor-col-50 elementor-inner-column elementor-element elementor-element-58899c31\" data-id=\"58899c31\" data-element_type=\"column\">\n\t\t\t<div class=\"elementor-widget-wrap elementor-element-populated\">\n\t\t\t\t\t\t<div class=\"elementor-element elementor-element-682e98c7 elementor-widget__width-inherit animated-fast e-transform elementor-align-right elementor-mobile-align-center elementor-invisible elementor-widget elementor-widget-button\" data-id=\"682e98c7\" data-element_type=\"widget\" data-settings=\"{&quot;_animation&quot;:&quot;fadeInUp&quot;,&quot;_animation_delay&quot;:300,&quot;_transform_translateY_effect_hover&quot;:{&quot;unit&quot;:&quot;px&quot;,&quot;size&quot;:-5,&quot;sizes&quot;:[]},&quot;_transform_translateX_effect_hover&quot;:{&quot;unit&quot;:&quot;px&quot;,&quot;size&quot;:&quot;&quot;,&quot;sizes&quot;:[]},&quot;_transform_translateX_effect_hover_tablet&quot;:{&quot;unit&quot;:&quot;px&quot;,&quot;size&quot;:&quot;&quot;,&quot;sizes&quot;:[]},&quot;_transform_translateX_effect_hover_mobile&quot;:{&quot;unit&quot;:&quot;px&quot;,&quot;size&quot;:&quot;&quot;,&quot;sizes&quot;:[]},&quot;_transform_translateY_effect_hover_tablet&quot;:{&quot;unit&quot;:&quot;px&quot;,&quot;size&quot;:&quot;&quot;,&quot;sizes&quot;:[]},&quot;_transform_translateY_effect_hover_mobile&quot;:{&quot;unit&quot;:&quot;px&quot;,&quot;size&quot;:&quot;&quot;,&quot;sizes&quot;:[]}}\" data-widget_type=\"button.default\">\n\t\t\t\t<div class=\"elementor-widget-container\">\n\t\t\t\t\t<div class=\"elementor-button-wrapper\">\n\t\t\t<a class=\"elementor-button elementor-button-link elementor-size-sm\" href=\"\/fr\/trading\">\n\t\t\t\t\t\t<span class=\"elementor-button-content-wrapper\">\n\t\t\t\t\t\t\t\t\t<span class=\"elementor-button-text\">Rejoindre<\/span>\n\t\t\t\t\t<\/span>\n\t\t\t\t\t<\/a>\n\t\t<\/div>\n\t\t\t\t<\/div>\n\t\t\t\t<\/div>\n\t\t\t\t\t<\/div>\n\t\t<\/div>\n\t\t\t\t\t<\/div>\n\t\t<\/section>\n\t\t\t\t\t<\/div>\n\t\t<\/div>\n\t\t\t\t\t<\/div>\n\t\t<\/section>\n\t\t\t\t<\/div>\n\t\t","protected":false},"excerpt":{"rendered":"<p>Am\u00e9liorez vos investissements En plongeant dans le monde des march\u00e9s financiers, la compr\u00e9hension des diff\u00e9rentes strat\u00e9gies devient essentielle pour obtenir des r\u00e9sultats [&hellip;]<\/p>\n","protected":false},"author":1,"featured_media":0,"parent":0,"menu_order":0,"comment_status":"closed","ping_status":"closed","template":"","meta":{"footnotes":""},"class_list":["post-1807","page","type-page","status-publish","hentry"],"_links":{"self":[{"href":"https:\/\/b-group.cloud\/fr\/wp-json\/wp\/v2\/pages\/1807","targetHints":{"allow":["GET"]}}],"collection":[{"href":"https:\/\/b-group.cloud\/fr\/wp-json\/wp\/v2\/pages"}],"about":[{"href":"https:\/\/b-group.cloud\/fr\/wp-json\/wp\/v2\/types\/page"}],"author":[{"embeddable":true,"href":"https:\/\/b-group.cloud\/fr\/wp-json\/wp\/v2\/users\/1"}],"replies":[{"embeddable":true,"href":"https:\/\/b-group.cloud\/fr\/wp-json\/wp\/v2\/comments?post=1807"}],"version-history":[{"count":6,"href":"https:\/\/b-group.cloud\/fr\/wp-json\/wp\/v2\/pages\/1807\/revisions"}],"predecessor-version":[{"id":1899,"href":"https:\/\/b-group.cloud\/fr\/wp-json\/wp\/v2\/pages\/1807\/revisions\/1899"}],"wp:attachment":[{"href":"https:\/\/b-group.cloud\/fr\/wp-json\/wp\/v2\/media?parent=1807"}],"curies":[{"name":"wp","href":"https:\/\/api.w.org\/{rel}","templated":true}]}}